{"id":323,"date":"2021-11-05T11:50:09","date_gmt":"2021-11-05T14:50:09","guid":{"rendered":"https:\/\/capoeiradevalor.com\/?page_id=323"},"modified":"2025-09-14T16:22:23","modified_gmt":"2025-09-14T19:22:23","slug":"ponto-de-cultura","status":"publish","type":"page","link":"https:\/\/capoeiradevalor.com\/index.php\/ponto-de-cultura\/","title":{"rendered":"Ponto de Cultura"},"content":{"rendered":"<p>A Associa\u00e7\u00e3o Cultural Capoeira de Valor atrav\u00e9s do Coletivo Cultural de Mestres de Capoeira de Valor conquistou a certifica\u00e7\u00e3o de Ponto de Cultura no ano de 2021. O Coletivo desenvolve o ensino e a preserva\u00e7\u00e3o do patrim\u00f4nio hist\u00f3rico cultural imaterial desde 2005. Localizado na regi\u00e3o Central de Campinas h\u00e1 mais de 30 anos, a associa\u00e7\u00e3o \u00e9 presidida por\u00a0 Mestre C\u00edcero, que tamb\u00e9m supervisiona o ensino em v\u00e1rias outras cidades do Estado de S\u00e3o Paulo, em v\u00e1rios outros Estados e no exterior.<\/p>\n<p style=\"text-align: center;\"><strong>Certificado<\/strong><\/p>\n<p><img fetchpriority=\"high\" decoding=\"async\" class=\"aligncenter size-full wp-image-216334\" src=\"https:\/\/capoeiradevalor.com\/wp-content\/uploads\/2025\/01\/Certificado-Ponto-de-Cultura.png\" alt=\"\" width=\"1056\" height=\"681\" srcset=\"https:\/\/capoeiradevalor.com\/wp-content\/uploads\/2025\/01\/Certificado-Ponto-de-Cultura.png 1056w, https:\/\/capoeiradevalor.com\/wp-content\/uploads\/2025\/01\/Certificado-Ponto-de-Cultura-300x193.png 300w, https:\/\/capoeiradevalor.com\/wp-content\/uploads\/2025\/01\/Certificado-Ponto-de-Cultura-1024x660.png 1024w, https:\/\/capoeiradevalor.com\/wp-content\/uploads\/2025\/01\/Certificado-Ponto-de-Cultura-768x495.png 768w, https:\/\/capoeiradevalor.com\/wp-content\/uploads\/2025\/01\/Certificado-Ponto-de-Cultura-696x449.png 696w, https:\/\/capoeiradevalor.com\/wp-content\/uploads\/2025\/01\/Certificado-Ponto-de-Cultura-651x420.png 651w\" sizes=\"(max-width: 1056px) 100vw, 1056px\" \/><\/p>\n<div id='gallery-1' class='gallery galleryid-323 gallery-columns-2 gallery-size-full'><figure class='gallery-item'>\n\t\t\t<div class='gallery-icon landscape'>\n\t\t\t\t<a href='https:\/\/capoeiradevalor.com\/wp-content\/uploads\/2025\/09\/associacao-e-ponto-de-cultura.png'><img decoding=\"async\" width=\"500\" height=\"500\" src=\"https:\/\/capoeiradevalor.com\/wp-content\/uploads\/2025\/09\/associacao-e-ponto-de-cultura.png\" class=\"attachment-full size-full\" alt=\"\" srcset=\"https:\/\/capoeiradevalor.com\/wp-content\/uploads\/2025\/09\/associacao-e-ponto-de-cultura.png 500w, https:\/\/capoeiradevalor.com\/wp-content\/uploads\/2025\/09\/associacao-e-ponto-de-cultura-300x300.png 300w, https:\/\/capoeiradevalor.com\/wp-content\/uploads\/2025\/09\/associacao-e-ponto-de-cultura-150x150.png 150w, https:\/\/capoeiradevalor.com\/wp-content\/uploads\/2025\/09\/associacao-e-ponto-de-cultura-420x420.png 420w\" sizes=\"(max-width: 500px) 100vw, 500px\" \/><\/a>\n\t\t\t<\/div><\/figure><figure class='gallery-item'>\n\t\t\t<div class='gallery-icon landscape'>\n\t\t\t\t<a href='https:\/\/capoeiradevalor.com\/wp-content\/uploads\/2025\/09\/associacao-e-ponto-de-cultura-II.png'><img decoding=\"async\" width=\"500\" height=\"500\" src=\"https:\/\/capoeiradevalor.com\/wp-content\/uploads\/2025\/09\/associacao-e-ponto-de-cultura-II.png\" class=\"attachment-full size-full\" alt=\"\" srcset=\"https:\/\/capoeiradevalor.com\/wp-content\/uploads\/2025\/09\/associacao-e-ponto-de-cultura-II.png 500w, https:\/\/capoeiradevalor.com\/wp-content\/uploads\/2025\/09\/associacao-e-ponto-de-cultura-II-300x300.png 300w, https:\/\/capoeiradevalor.com\/wp-content\/uploads\/2025\/09\/associacao-e-ponto-de-cultura-II-150x150.png 150w, https:\/\/capoeiradevalor.com\/wp-content\/uploads\/2025\/09\/associacao-e-ponto-de-cultura-II-420x420.png 420w\" sizes=\"(max-width: 500px) 100vw, 500px\" \/><\/a>\n\t\t\t<\/div><\/figure><figure class='gallery-item'>\n\t\t\t<div class='gallery-icon landscape'>\n\t\t\t\t<a href='https:\/\/capoeiradevalor.com\/wp-content\/uploads\/2025\/09\/ponto-.png'><img loading=\"lazy\" decoding=\"async\" width=\"500\" height=\"500\" src=\"https:\/\/capoeiradevalor.com\/wp-content\/uploads\/2025\/09\/ponto-.png\" class=\"attachment-full size-full\" alt=\"\" srcset=\"https:\/\/capoeiradevalor.com\/wp-content\/uploads\/2025\/09\/ponto-.png 500w, https:\/\/capoeiradevalor.com\/wp-content\/uploads\/2025\/09\/ponto--300x300.png 300w, https:\/\/capoeiradevalor.com\/wp-content\/uploads\/2025\/09\/ponto--150x150.png 150w, https:\/\/capoeiradevalor.com\/wp-content\/uploads\/2025\/09\/ponto--420x420.png 420w\" sizes=\"(max-width: 500px) 100vw, 500px\" \/><\/a>\n\t\t\t<\/div><\/figure><figure class='gallery-item'>\n\t\t\t<div class='gallery-icon landscape'>\n\t\t\t\t<a href='https:\/\/capoeiradevalor.com\/wp-content\/uploads\/2025\/09\/Ponto-3.png'><img loading=\"lazy\" decoding=\"async\" width=\"500\" height=\"500\" src=\"https:\/\/capoeiradevalor.com\/wp-content\/uploads\/2025\/09\/Ponto-3.png\" class=\"attachment-full size-full\" alt=\"\" srcset=\"https:\/\/capoeiradevalor.com\/wp-content\/uploads\/2025\/09\/Ponto-3.png 500w, https:\/\/capoeiradevalor.com\/wp-content\/uploads\/2025\/09\/Ponto-3-300x300.png 300w, https:\/\/capoeiradevalor.com\/wp-content\/uploads\/2025\/09\/Ponto-3-150x150.png 150w, https:\/\/capoeiradevalor.com\/wp-content\/uploads\/2025\/09\/Ponto-3-420x420.png 420w\" sizes=\"(max-width: 500px) 100vw, 500px\" \/><\/a>\n\t\t\t<\/div><\/figure>\n\t\t<\/div>\n\n<p style=\"text-align: center;\">Mestres Biro, Lu Pimenta, Rodrigo, T\u00e9o, C\u00edcero, Joguinho e Ferpa<\/p>\n<p>De acordo com o <strong>artigo 6\u00ba da Lei 13108\/14<\/strong> que instituiu a Lei Cultura Viva, s\u00e3o objetivos do Ponto de Cultura:<\/p>\n<p>a) potencializar iniciativas culturais j\u00e1 desenvolvidas por comunidades, grupos e redes de colabora\u00e7\u00e3o;<\/p>\n<p>b) promover, ampliar e garantir a cria\u00e7\u00e3o e a produ\u00e7\u00e3o art\u00edstica e cultural;<\/p>\n<p>c) incentivar a preserva\u00e7\u00e3o da cultura brasileira;<\/p>\n<p>d) estimular a explora\u00e7\u00e3o de espa\u00e7os p\u00fablicos e privados que possam ser disponibilizados para a a\u00e7\u00e3o cultural;<\/p>\n<p>e) aumentar a visibilidade das diversas iniciativas culturais;<\/p>\n<p>f) promover a diversidade cultural brasileira, garantindo di\u00e1logos interculturais;<\/p>\n<p>g) garantir acesso aos meios de frui\u00e7\u00e3o, produ\u00e7\u00e3o e difus\u00e3o cultural;<\/p>\n<p>h) assegurar a inclus\u00e3o cultural da popula\u00e7\u00e3o idosa;<\/p>\n<p>i) contribuir para o fortalecimento da autonomia social das comunidades;<\/p>\n<p>j) promover o interc\u00e2mbio entre diferentes segmentos da comunidade;<\/p>\n<p>k) estimular a articula\u00e7\u00e3o das redes sociais e culturais e dessas com a educa\u00e7\u00e3o;<\/p>\n<p>l) adotar princ\u00edpios de gest\u00e3o compartilhada entre atores culturais n\u00e3o governamentais e o Estado;<\/p>\n<p>m) fomentar as economias solid\u00e1ria e criativa;<\/p>\n<p>n) proteger o patrim\u00f4nio cultural material e imaterial;<\/p>\n<p>o) apoiar e incentivar manifesta\u00e7\u00f5es culturais populares.<\/p>\n<p>&nbsp;<\/p>\n","protected":false},"excerpt":{"rendered":"<p>A Associa\u00e7\u00e3o Cultural Capoeira de Valor atrav\u00e9s do Coletivo Cultural de Mestres de Capoeira de Valor conquistou a certifica\u00e7\u00e3o de Ponto de Cultura no ano de 2021. O Coletivo desenvolve o ensino e a preserva\u00e7\u00e3o do patrim\u00f4nio hist\u00f3rico cultural imaterial desde 2005. Localizado na regi\u00e3o Central de Campinas h\u00e1 mais de 30 anos, a associa\u00e7\u00e3o [&hellip;]<\/p>\n","protected":false},"author":1,"featured_media":0,"parent":0,"menu_order":0,"comment_status":"closed","ping_status":"closed","template":"","meta":{"om_disable_all_campaigns":false,"_monsterinsights_skip_tracking":false,"_monsterinsights_sitenote_active":false,"_monsterinsights_sitenote_note":"","_monsterinsights_sitenote_category":0,"_joinchat":[],"footnotes":""},"aioseo_notices":[],"_links":{"self":[{"href":"https:\/\/capoeiradevalor.com\/index.php\/wp-json\/wp\/v2\/pages\/323"}],"collection":[{"href":"https:\/\/capoeiradevalor.com\/index.php\/wp-json\/wp\/v2\/pages"}],"about":[{"href":"https:\/\/capoeiradevalor.com\/index.php\/wp-json\/wp\/v2\/types\/page"}],"author":[{"embeddable":true,"href":"https:\/\/capoeiradevalor.com\/index.php\/wp-json\/wp\/v2\/users\/1"}],"replies":[{"embeddable":true,"href":"https:\/\/capoeiradevalor.com\/index.php\/wp-json\/wp\/v2\/comments?post=323"}],"version-history":[{"count":18,"href":"https:\/\/capoeiradevalor.com\/index.php\/wp-json\/wp\/v2\/pages\/323\/revisions"}],"predecessor-version":[{"id":216662,"href":"https:\/\/capoeiradevalor.com\/index.php\/wp-json\/wp\/v2\/pages\/323\/revisions\/216662"}],"wp:attachment":[{"href":"https:\/\/capoeiradevalor.com\/index.php\/wp-json\/wp\/v2\/media?parent=323"}],"curies":[{"name":"wp","href":"https:\/\/api.w.org\/{rel}","templated":true}]}}