{"id":215764,"date":"2022-03-28T15:25:15","date_gmt":"2022-03-28T18:25:15","guid":{"rendered":"https:\/\/capoeiradevalor.com\/?page_id=215764"},"modified":"2025-09-15T12:09:39","modified_gmt":"2025-09-15T15:09:39","slug":"nucleos2","status":"publish","type":"page","link":"https:\/\/capoeiradevalor.com\/index.php\/nucleos2\/","title":{"rendered":"N\u00facleos"},"content":{"rendered":"<style>\/*! elementor - v3.20.0 - 13-03-2024 *\/<br \/>.elementor-heading-title{padding:0;margin:0;line-height:1}.elementor-widget-heading .elementor-heading-title[class*=elementor-size-]>a{color:inherit;font-size:inherit;line-height:inherit}.elementor-widget-heading .elementor-heading-title.elementor-size-small{font-size:15px}.elementor-widget-heading .elementor-heading-title.elementor-size-medium{font-size:19px}.elementor-widget-heading .elementor-heading-title.elementor-size-large{font-size:29px}.elementor-widget-heading .elementor-heading-title.elementor-size-xl{font-size:39px}.elementor-widget-heading .elementor-heading-title.elementor-size-xxl{font-size:59px}<\/style>\n<h2>Encontre o N\u00facleo mais pr\u00f3ximo de voc\u00ea<\/h2>\n<style type=\"text\/css\">\n    .asl-cont .onoffswitch .onoffswitch-label .onoffswitch-switch:before {content: \"ABERTO\" !important;}\n  .asl-cont .onoffswitch .onoffswitch-label .onoffswitch-switch:after {content: \"TUDO\" !important;}\n  @media (max-width: 767px) {\n    #asl-storelocator.asl-cont .asl-panel {order: 0;}\n  }\n  .asl-cont.sl-search-only .Filter_section + .sl-row {display: none;}\n  .asl-cont .sl-hide-branches,\n  .asl-cont .sl-hide-branches:hover {color: #FFF !important; text-decoration: none !important;cursor: pointer;}\n<\/style>\n<div id=\"asl-storelocator\" class=\"storelocator-main asl-cont asl-template-0 asl-layout-0 asl-bg-0 no-asl-filters  asl-text-1\">\n  <div class=\"asl-wrapper\">\n    <div class=\"sl-container\">\n\n            <div class=\"sl-row\">\n        <div class=\"pol-12\">\n            <div class=\"sl-main-cont\">\n                <div class=\"sl-row no-gutters sl-main-row\">\n                    <div id=\"asl-panel\" class=\"asl-panel pol-md-5 pol-lg-4 asl_locator-panel\">\n                        <div class=\"asl-overlay\" id=\"map-loading\">\n                            <div class=\"white\"><\/div>\n                            <div class=\"sl-loading\">\n                              <i class=\"animate-sl-spin icon-spin3\"><\/i>\n                              Carregando\u2026                            <\/div>\n                        <\/div>\n                                                <div class=\"inside search_filter\">\n                          <label for=\"auto-complete-search\" class=\"mb-2\">Procurar por localiza\u00e7\u00e3o<\/label>\n                          <div class=\"asl-store-search\">\n                            <input type=\"text\" value=\"\" id=\"auto-complete-search\" class=\"asl-search-address form-control\" placeholder=\"Digite um local\">\n                            <button type=\"button\" class=\"span-geo\"><i class=\"asl-geo icon-search\" title=\"Procurar por localiza\u00e7\u00e3o\"><\/i><\/button>\n                          <\/div>\n                        <\/div>\n                                                <!-- list -->\n                        <div class=\"asl-panel-inner\">\n                            <div class=\"top-title Num_of_store\">\n                              <span><span class=\"sl-head-title\">Number Of Shops<\/span>: <span class=\"count-result\">0<\/span><\/span>\n                                                              <a class=\"asl-print-btn\"><span>IMPRIMIR<\/span><span class=\"asl-print\"><\/span><\/a>\n                                                          <\/div>\n                            <div class=\"sl-main-cont-box\">\n                              <div id=\"asl-list\" class=\"sl-list-wrapper\">\n                                <ul id=\"p-statelist\" class=\"sl-list\">\n                                <\/ul>\n                              <\/div>\n                            <\/div>\n                        <\/div>\n\n                        <div class=\"directions-cont hide\">\n                            <div class=\"agile-modal-header\">\n                                <button type=\"button\" class=\"close\"><span aria-hidden=\"true\">\u00d7<\/span><\/button>\n                                <h4>Dire\u00e7\u00e3o da loja<\/h4>\n                            <\/div>\n                            <div class=\"rendered-directions\" id=\"asl-rendered-dir\" style=\"direction: ltr;\"><\/div>\n                        <\/div>\n                    <\/div>\n                    <div class=\"pol-md-7 pol-lg-8 asl-map\">\n                        <div class=\"map-image\">\n                            <div id=\"asl-map-canv\" class=\"asl-map-canv\"><\/div>\n                            <div id=\"agile-modal-direction\" class=\"agile-modal fade\">\n    <div class=\"agile-modal-backdrop-in\"><\/div>\n    <div class=\"agile-modal-dialog in\">\n        <div class=\"agile-modal-content\">\n            <div class=\"sl-form-group d-flex justify-content-between\">\n                <h4 >Como Chegar<\/h4>\n                <button type=\"button\" class=\"close-directions sl-close\" data-dismiss=\"agile-modal\" aria-label=\"Close\">&times;<\/button>\n            <\/div>\n            <div class=\"sl-form-group\">\n                <label for=\"frm-lbl\">De:<\/label>\n                <input type=\"text\" class=\"form-control frm-place\" id=\"frm-lbl\" placeholder=\"Digite um local\">\n            <\/div>\n            <div class=\"sl-form-group\">\n                <label for=\"to-lbl\">Para:<\/label>\n                <input readonly=\"true\" type=\"text\"  class=\"directions-to form-control\" id=\"to-lbl\" placeholder=\"Endere\u00e7o de destino pr\u00e9-preenchido\">\n            <\/div>\n            <div class=\"sl-form-group mb-0\">\n                <label for=\"rbtn-km\" class=\"checkbox-inline\">\n                    <input type=\"radio\" name=\"dist-type\"  id=\"rbtn-km\" value=\"0\"> Km                <\/label>\n                <label for=\"rbtn-mile\" class=\"checkbox-inline\">\n                    <input type=\"radio\" name=\"dist-type\" checked id=\"rbtn-mile\" value=\"1\"> Milhas                <\/label>\n            <\/div>\n            <div class=\"sl-form-group mb-0\">\n                <button type=\"submit\" class=\"btn btn-default btn-submit\">Como Chegar<\/button>\n            <\/div>\n        <\/div>\n    <\/div>\n<\/div>\n\n<div id=\"asl-geolocation-agile-modal\" class=\"agile-modal fade\">\n  <div class=\"agile-modal-backdrop-in\"><\/div>\n  <div class=\"agile-modal-dialog in\">\n    <div class=\"agile-modal-content\">\n            <div class=\"sl-form-group d-flex justify-content-between\">\n        <h4>LOCALIZAR SUA POSI\u00c7\u00c3O<\/h4>\n        <button type=\"button\" class=\"close-directions sl-close\" data-dismiss=\"agile-modal\" aria-label=\"Close\">&times;<\/button>\n      <\/div>\n      <div class=\"sl-form-group\">\n        <div class=\"sl-row\">\n        <div class=\"pol-lg-12 mb-2\">\n          <input type=\"text\" class=\"form-control\" id=\"asl-current-loc\" placeholder=\"Seu endere\u00e7o\">\n        <\/div>\n        <div class=\"pol-lg-12\">\n          <button type=\"button\" id=\"asl-btn-locate\" class=\"btn btn-block btn-default\">LOCALIZAR<\/button>\n        <\/div>\n        <\/div>\n      <\/div>\n          <\/div>\n  <\/div>\n<\/div>\n\n<div id=\"asl-desc-agile-modal\" class=\"agile-modal fade\">\n  <div class=\"agile-modal-backdrop-in\"><\/div>\n  <div class=\"agile-modal-dialog in\">\n    <div class=\"agile-modal-content\">\n      <div class=\"sl-row\">\n        <div class=\"pol-md-12\">\n          <div class=\"sl-form-group d-flex justify-content-between\">\n            <h4 class=\"sl-title\">Description<\/h4>\n            <button type=\"button\" class=\"close-directions sl-close\" data-dismiss=\"agile-modal\" aria-label=\"Close\">&times;<\/button>\n          <\/div>\n          <p class=\"sl-desc\"><\/p>\n        <\/div>\n      <\/div>\n    <\/div>\n  <\/div>\n<\/div>                        <\/div>\n                    <\/div>\n                <\/div>\n            <\/div>\n        <\/div>\n      <\/div>\n    <\/div>\n  <\/div>\n<\/div>\n<!-- This plugin is developed by \"Agile Store Locator for WordPress\" https:\/\/agilestorelocator.com -->\n<h2>Confira a lista dos N\u00facleos aqui embaixo<\/h2>\n<h2><strong>Campinas &#8211; SP<\/strong><\/h2>\n<h4>Mestre Joguinho<br \/>\n<em>Jd San Martin<\/em><\/h4>\n<h4>Mestre Ferpa<br \/>\n<em>Bar\u00e3o Geraldo<\/em><\/h4>\n<h4>Professor Gafanhoto<br \/>\n<em>Vale do Sol<\/em><\/h4>\n<p>&nbsp;<\/p>\n<h2><strong>Itapira &#8211; SP<\/strong><\/h2>\n<h4>Mestre Rodrigo<\/h4>\n<h4>Contramestre K\u00e1tia<\/h4>\n<h2><strong>Jacutinga &#8211; MG<\/strong><\/h2>\n<h4>Mestre Rodrigo<\/h4>\n<h2><strong>Hortol\u00e2ndia -SP<\/strong><\/h2>\n<h4>ContraMestre Mico<\/h4>\n<h2><strong>Pirassununga &#8211; SP<\/strong><\/h2>\n<h4>Contra Mestre Envergado<\/h4>\n<h4>Professor Japa<\/h4>\n<h2><strong>Sumar\u00e9 &#8211; SP<\/strong><\/h2>\n<h4>Contra Mestre Andr\u00e9 &#8211; Centro Sumar\u00e9<\/h4>\n<h4>Professora Jaquelini Bairro do Mat\u00e3o<\/h4>\n<h2><strong>Teresina-PI<\/strong><\/h2>\n<h4>Mestre Pato<\/h4>\n<h2><strong>Brejo &#8211; MA<\/strong><\/h2>\n<h4>ContraMestre Chumbo<\/h4>\n","protected":false},"excerpt":{"rendered":"<p>Encontre o N\u00facleo mais pr\u00f3ximo de voc\u00ea Confira a lista dos N\u00facleos aqui embaixo Campinas &#8211; SP Mestre Joguinho Jd San Martin Mestre Ferpa Bar\u00e3o Geraldo Professor Gafanhoto Vale do Sol &nbsp; Itapira &#8211; SP Mestre Rodrigo Contramestre K\u00e1tia Jacutinga &#8211; MG Mestre Rodrigo Hortol\u00e2ndia -SP ContraMestre Mico Pirassununga &#8211; SP Contra Mestre Envergado Professor [&hellip;]<\/p>\n","protected":false},"author":3,"featured_media":0,"parent":0,"menu_order":0,"comment_status":"closed","ping_status":"closed","template":"","meta":{"om_disable_all_campaigns":false,"_monsterinsights_skip_tracking":false,"_monsterinsights_sitenote_active":false,"_monsterinsights_sitenote_note":"","_monsterinsights_sitenote_category":0,"_joinchat":[],"footnotes":""},"aioseo_notices":[],"_links":{"self":[{"href":"https:\/\/capoeiradevalor.com\/index.php\/wp-json\/wp\/v2\/pages\/215764"}],"collection":[{"href":"https:\/\/capoeiradevalor.com\/index.php\/wp-json\/wp\/v2\/pages"}],"about":[{"href":"https:\/\/capoeiradevalor.com\/index.php\/wp-json\/wp\/v2\/types\/page"}],"author":[{"embeddable":true,"href":"https:\/\/capoeiradevalor.com\/index.php\/wp-json\/wp\/v2\/users\/3"}],"replies":[{"embeddable":true,"href":"https:\/\/capoeiradevalor.com\/index.php\/wp-json\/wp\/v2\/comments?post=215764"}],"version-history":[{"count":32,"href":"https:\/\/capoeiradevalor.com\/index.php\/wp-json\/wp\/v2\/pages\/215764\/revisions"}],"predecessor-version":[{"id":216797,"href":"https:\/\/capoeiradevalor.com\/index.php\/wp-json\/wp\/v2\/pages\/215764\/revisions\/216797"}],"wp:attachment":[{"href":"https:\/\/capoeiradevalor.com\/index.php\/wp-json\/wp\/v2\/media?parent=215764"}],"curies":[{"name":"wp","href":"https:\/\/api.w.org\/{rel}","templated":true}]}}