{"id":213696,"date":"2019-09-23T16:35:54","date_gmt":"2019-09-23T19:35:54","guid":{"rendered":"https:\/\/cordaodeourocampinas.com\/?page_id=213696"},"modified":"2023-01-16T19:04:00","modified_gmt":"2023-01-16T22:04:00","slug":"coletivo-cultural","status":"publish","type":"page","link":"https:\/\/capoeiradevalor.com\/index.php\/coletivo-cultural\/","title":{"rendered":"Coletivo Cultural"},"content":{"rendered":"<h3>Coletivo Cultural Mestres de Capoeira Cord\u00e3o de Ouro Campinas<\/h3>\n<p><em>O objetivo da reuni\u00e3o desse coletivo \u00e9 potencializar as atividades realizadas pelo Grupo Cord\u00e3o de Ouro na cidade e na regi\u00e3o<\/em><\/p>\n<p>O Coletivo Cultural Mestres de Capoeira Cord\u00e3o de Ouro Campinas existe h\u00e1 mais de 10 anos. O in\u00edcio se deu momento da titula\u00e7\u00e3o dos primeiros mestres formados por mestre C\u00edcero, respons\u00e1vel pelo Grupo na Regi\u00e3o de Campinas e formado por Mestre Suassuna, respons\u00e1vel pelo Grupo no Brasil e no Mundo.<\/p>\n<p>Mestre Joguinho (Daniel Alves) e Mestre Biro (Marcos Henrique) e na sequ\u00eancia Mestres Ferpa, Rodrigo e T\u00e9o comp\u00f5em o n\u00facleo de formandos de Mestre C\u00edcero. Mestre Lu Pimenta veio de Belo Horizonte MG e se integra ao Coletivo.<\/p>\n<p>Localizado na regi\u00e3o Central de Campinas h\u00e1 mais de 20 anos, o Grupo Cord\u00e3o de Ouro atrav\u00e9s do Mestre C\u00edcero, al\u00e9m de difundir o ensino e a pr\u00e1tica da capoeira divulga e valoriza a capoeira em todo o Brasil, e em tr\u00eas continentes onde supervisiona e coordena os estudos da capoeira.<\/p>\n<p>Promover e desenvolver a pr\u00e1tica da capoeira e outros elementos da cultura afro-brasileira, por meio do estudo e da pesquisa em parceria com o Poder P\u00fablico, com entidades privadas e do terceiro setor, nacionais e internacionais comp\u00f5e parte dos objetivos do Coletivo.<\/p>\n<p><strong>Coletivo Cultural de Mestres de Capoeira<\/strong><\/p>\n<figure id=\"attachment_215892\" aria-describedby=\"caption-attachment-215892\" style=\"width: 800px\" class=\"wp-caption aligncenter\"><img fetchpriority=\"high\" decoding=\"async\" class=\"wp-image-215892 size-full\" src=\"https:\/\/capoeiradevalor.com\/wp-content\/uploads\/2022\/07\/Coletivo-de-Mestres-.jpg\" alt=\"\" width=\"800\" height=\"600\" srcset=\"https:\/\/capoeiradevalor.com\/wp-content\/uploads\/2022\/07\/Coletivo-de-Mestres-.jpg 800w, https:\/\/capoeiradevalor.com\/wp-content\/uploads\/2022\/07\/Coletivo-de-Mestres--300x225.jpg 300w, https:\/\/capoeiradevalor.com\/wp-content\/uploads\/2022\/07\/Coletivo-de-Mestres--768x576.jpg 768w, https:\/\/capoeiradevalor.com\/wp-content\/uploads\/2022\/07\/Coletivo-de-Mestres--80x60.jpg 80w, https:\/\/capoeiradevalor.com\/wp-content\/uploads\/2022\/07\/Coletivo-de-Mestres--265x198.jpg 265w, https:\/\/capoeiradevalor.com\/wp-content\/uploads\/2022\/07\/Coletivo-de-Mestres--696x522.jpg 696w, https:\/\/capoeiradevalor.com\/wp-content\/uploads\/2022\/07\/Coletivo-de-Mestres--560x420.jpg 560w\" sizes=\"(max-width: 800px) 100vw, 800px\" \/><figcaption id=\"caption-attachment-215892\" class=\"wp-caption-text\">Da esquerda para direita, Mestres Biro, Lu Pimenta, Rodrigo, T\u00e9o, C\u00edcero, Joguinho e Ferpa<\/figcaption><\/figure>\n","protected":false},"excerpt":{"rendered":"<p>Coletivo Cultural Mestres de Capoeira Cord\u00e3o de Ouro Campinas O objetivo da reuni\u00e3o desse coletivo \u00e9 potencializar as atividades realizadas pelo Grupo Cord\u00e3o de Ouro na cidade e na regi\u00e3o O Coletivo Cultural Mestres de Capoeira Cord\u00e3o de Ouro Campinas existe h\u00e1 mais de 10 anos. O in\u00edcio se deu momento da titula\u00e7\u00e3o dos primeiros [&hellip;]<\/p>\n","protected":false},"author":1,"featured_media":0,"parent":0,"menu_order":0,"comment_status":"closed","ping_status":"closed","template":"","meta":{"om_disable_all_campaigns":false,"_monsterinsights_skip_tracking":false,"_monsterinsights_sitenote_active":false,"_monsterinsights_sitenote_note":"","_monsterinsights_sitenote_category":0,"_joinchat":[],"footnotes":""},"aioseo_notices":[],"_links":{"self":[{"href":"https:\/\/capoeiradevalor.com\/index.php\/wp-json\/wp\/v2\/pages\/213696"}],"collection":[{"href":"https:\/\/capoeiradevalor.com\/index.php\/wp-json\/wp\/v2\/pages"}],"about":[{"href":"https:\/\/capoeiradevalor.com\/index.php\/wp-json\/wp\/v2\/types\/page"}],"author":[{"embeddable":true,"href":"https:\/\/capoeiradevalor.com\/index.php\/wp-json\/wp\/v2\/users\/1"}],"replies":[{"embeddable":true,"href":"https:\/\/capoeiradevalor.com\/index.php\/wp-json\/wp\/v2\/comments?post=213696"}],"version-history":[{"count":4,"href":"https:\/\/capoeiradevalor.com\/index.php\/wp-json\/wp\/v2\/pages\/213696\/revisions"}],"predecessor-version":[{"id":215926,"href":"https:\/\/capoeiradevalor.com\/index.php\/wp-json\/wp\/v2\/pages\/213696\/revisions\/215926"}],"wp:attachment":[{"href":"https:\/\/capoeiradevalor.com\/index.php\/wp-json\/wp\/v2\/media?parent=213696"}],"curies":[{"name":"wp","href":"https:\/\/api.w.org\/{rel}","templated":true}]}}